{"id":536,"date":"2025-07-15T15:01:08","date_gmt":"2025-07-15T15:01:08","guid":{"rendered":"http:\/\/orvxrkg.cluster100.hosting.ovh.net\/?page_id=536"},"modified":"2025-07-15T15:01:08","modified_gmt":"2025-07-15T15:01:08","slug":"mentions-legales","status":"publish","type":"page","link":"https:\/\/dcespacevert-montauban.fr\/index.php\/mentions-legales\/","title":{"rendered":"Mentions l\u00e9gales"},"content":{"rendered":"\n<h2 class=\"wp-block-heading\">\ud83c\udf3f <strong>Mentions l\u00e9gales<\/strong><\/h2>\n\n\n\n<h3 class=\"wp-block-heading\">\u00c9diteur du site<\/h3>\n\n\n\n<p><strong>De Carvalho Espace Vert<\/strong><br>692 Chemin de Monesti\u00e9<br>82100 Castelsarrasin<br>T\u00e9l\u00e9phone : 07 49 75 40 93<br>Email : <a>espacevertdc@gmail.com<\/a><br>Repr\u00e9sentant l\u00e9gal : Monsieur De Carvalho<\/p>\n\n\n\n<hr class=\"wp-block-separator has-alpha-channel-opacity\"\/>\n\n\n\n<h3 class=\"wp-block-heading\">H\u00e9bergement<\/h3>\n\n\n\n<p>Le site est h\u00e9berg\u00e9 par :<br><strong>OVH<\/strong><br>2 rue Kellermann, 59100 Roubaix, France<br>T\u00e9l\u00e9phone : 1007<br>Site web : <a class=\"\" href=\"https:\/\/www.ovh.com\">www.ovh.com<\/a><\/p>\n\n\n\n<hr class=\"wp-block-separator has-alpha-channel-opacity\"\/>\n\n\n\n<h3 class=\"wp-block-heading\">Propri\u00e9t\u00e9 intellectuelle<\/h3>\n\n\n\n<p>Le contenu du site (textes, images, graphismes, logo, ic\u00f4nes, etc.) est prot\u00e9g\u00e9 par le droit d\u2019auteur. Toute reproduction ou repr\u00e9sentation totale ou partielle du site sans l\u2019autorisation expresse de De Carvalho Espace Vert est interdite.<\/p>\n\n\n\n<hr class=\"wp-block-separator has-alpha-channel-opacity\"\/>\n\n\n\n<h3 class=\"wp-block-heading\">Responsabilit\u00e9<\/h3>\n\n\n\n<p>De Carvalho Espace Vert s\u2019efforce d\u2019assurer l\u2019exactitude et la mise \u00e0 jour des informations diffus\u00e9es sur le site. Toutefois, nous ne pouvons garantir l\u2019exactitude, la pr\u00e9cision ou l\u2019exhaustivit\u00e9 des informations mises \u00e0 disposition.<\/p>\n\n\n\n<p>L\u2019utilisateur reconna\u00eet utiliser ces informations sous sa responsabilit\u00e9 exclusive.<\/p>\n\n\n\n<hr class=\"wp-block-separator has-alpha-channel-opacity\"\/>\n\n\n\n<h3 class=\"wp-block-heading\">Donn\u00e9es personnelles<\/h3>\n\n\n\n<p>Conform\u00e9ment au R\u00e8glement G\u00e9n\u00e9ral sur la Protection des Donn\u00e9es (RGPD) et \u00e0 la loi Informatique et Libert\u00e9s, vous disposez d\u2019un droit d\u2019acc\u00e8s, de rectification, d\u2019effacement et d\u2019opposition concernant vos donn\u00e9es personnelles.<\/p>\n\n\n\n<p>Pour exercer vos droits, vous pouvez nous contacter \u00e0 l\u2019adresse suivante : <a>espacevertdc@gmail.com<\/a><\/p>\n\n\n\n<p>Pour plus d\u2019informations, veuillez consulter notre <a class=\"\" href=\"#\">politique de confidentialit\u00e9<\/a>.<\/p>\n\n\n\n<hr class=\"wp-block-separator has-alpha-channel-opacity\"\/>\n\n\n\n<h3 class=\"wp-block-heading\">Cookies<\/h3>\n\n\n\n<p>Le site peut utiliser des cookies pour am\u00e9liorer l\u2019exp\u00e9rience utilisateur. Vous pouvez accepter ou refuser leur utilisation via le bandeau pr\u00e9vu \u00e0 cet effet.<\/p>\n\n\n\n<hr class=\"wp-block-separator has-alpha-channel-opacity\"\/>\n\n\n\n<h3 class=\"wp-block-heading\">Droit applicable<\/h3>\n\n\n\n<p>Les pr\u00e9sentes mentions l\u00e9gales sont r\u00e9gies par le droit fran\u00e7ais. En cas de litige, et \u00e0 d\u00e9faut de solution amiable, les tribunaux fran\u00e7ais seront comp\u00e9tents.<\/p>\n\n\n\n<p><\/p>\n","protected":false},"excerpt":{"rendered":"<p>\ud83c\udf3f Mentions l\u00e9gales \u00c9diteur du site De Carvalho Espace Vert692 Chemin de Monesti\u00e982100 CastelsarrasinT\u00e9l\u00e9phone : 07 49 75 40 93Email [&hellip;]<\/p>\n","protected":false},"author":1,"featured_media":0,"parent":0,"menu_order":0,"comment_status":"closed","ping_status":"closed","template":"","meta":{"site-sidebar-layout":"default","site-content-layout":"","ast-site-content-layout":"default","site-content-style":"default","site-sidebar-style":"default","ast-global-header-display":"","ast-banner-title-visibility":"","ast-main-header-display":"","ast-hfb-above-header-display":"","ast-hfb-below-header-display":"","ast-hfb-mobile-header-display":"","site-post-title":"","ast-breadcrumbs-content":"","ast-featured-img":"","footer-sml-layout":"","theme-transparent-header-meta":"","adv-header-id-meta":"","stick-header-meta":"","header-above-stick-meta":"","header-main-stick-meta":"","header-below-stick-meta":"","astra-migrate-meta-layouts":"default","ast-page-background-enabled":"default","ast-page-background-meta":{"desktop":{"background-color":"var(--ast-global-color-5)","background-image":"","background-repeat":"repeat","background-position":"center center","background-size":"auto","background-attachment":"scroll","background-type":"","background-media":"","overlay-type":"","overlay-color":"","overlay-opacity":"","overlay-gradient":""},"tablet":{"background-color":"","background-image":"","background-repeat":"repeat","background-position":"center center","background-size":"auto","background-attachment":"scroll","background-type":"","background-media":"","overlay-type":"","overlay-color":"","overlay-opacity":"","overlay-gradient":""},"mobile":{"background-color":"","background-image":"","background-repeat":"repeat","background-position":"center center","background-size":"auto","background-attachment":"scroll","background-type":"","background-media":"","overlay-type":"","overlay-color":"","overlay-opacity":"","overlay-gradient":""}},"ast-content-background-meta":{"desktop":{"background-color":"var(--ast-global-color-4)","background-image":"","background-repeat":"repeat","background-position":"center center","background-size":"auto","background-attachment":"scroll","background-type":"","background-media":"","overlay-type":"","overlay-color":"","overlay-opacity":"","overlay-gradient":""},"tablet":{"background-color":"var(--ast-global-color-4)","background-image":"","background-repeat":"repeat","background-position":"center center","background-size":"auto","background-attachment":"scroll","background-type":"","background-media":"","overlay-type":"","overlay-color":"","overlay-opacity":"","overlay-gradient":""},"mobile":{"background-color":"var(--ast-global-color-4)","background-image":"","background-repeat":"repeat","background-position":"center center","background-size":"auto","background-attachment":"scroll","background-type":"","background-media":"","overlay-type":"","overlay-color":"","overlay-opacity":"","overlay-gradient":""}},"footnotes":""},"class_list":["post-536","page","type-page","status-publish","hentry"],"yoast_head":"<!-- This site is optimized with the Yoast SEO plugin v25.5 - https:\/\/yoast.com\/wordpress\/plugins\/seo\/ -->\n<title>Mentions l\u00e9gales - De Carvalho Espace vert<\/title>\n<meta name=\"robots\" content=\"index, follow, max-snippet:-1, max-image-preview:large, max-video-preview:-1\" \/>\n<link rel=\"canonical\" href=\"https:\/\/dcespacevert-montauban.fr\/index.php\/mentions-legales\/\" \/>\n<meta property=\"og:locale\" content=\"fr_FR\" \/>\n<meta property=\"og:type\" content=\"article\" \/>\n<meta property=\"og:title\" content=\"Mentions l\u00e9gales - De Carvalho Espace vert\" \/>\n<meta property=\"og:description\" content=\"\ud83c\udf3f Mentions l\u00e9gales \u00c9diteur du site De Carvalho Espace Vert692 Chemin de Monesti\u00e982100 CastelsarrasinT\u00e9l\u00e9phone : 07 49 75 40 93Email [&hellip;]\" \/>\n<meta property=\"og:url\" content=\"https:\/\/dcespacevert-montauban.fr\/index.php\/mentions-legales\/\" \/>\n<meta property=\"og:site_name\" content=\"De Carvalho Espace vert\" \/>\n<meta name=\"twitter:card\" content=\"summary_large_image\" \/>\n<meta name=\"twitter:label1\" content=\"Dur\u00e9e de lecture estim\u00e9e\" \/>\n\t<meta name=\"twitter:data1\" content=\"1 minute\" \/>\n<script type=\"application\/ld+json\" class=\"yoast-schema-graph\">{\"@context\":\"https:\/\/schema.org\",\"@graph\":[{\"@type\":\"WebPage\",\"@id\":\"https:\/\/dcespacevert-montauban.fr\/index.php\/mentions-legales\/\",\"url\":\"https:\/\/dcespacevert-montauban.fr\/index.php\/mentions-legales\/\",\"name\":\"Mentions l\u00e9gales - De Carvalho Espace vert\",\"isPartOf\":{\"@id\":\"https:\/\/dcespacevert-montauban.fr\/#website\"},\"datePublished\":\"2025-07-15T15:01:08+00:00\",\"breadcrumb\":{\"@id\":\"https:\/\/dcespacevert-montauban.fr\/index.php\/mentions-legales\/#breadcrumb\"},\"inLanguage\":\"fr-FR\",\"potentialAction\":[{\"@type\":\"ReadAction\",\"target\":[\"https:\/\/dcespacevert-montauban.fr\/index.php\/mentions-legales\/\"]}]},{\"@type\":\"BreadcrumbList\",\"@id\":\"https:\/\/dcespacevert-montauban.fr\/index.php\/mentions-legales\/#breadcrumb\",\"itemListElement\":[{\"@type\":\"ListItem\",\"position\":1,\"name\":\"Home\",\"item\":\"https:\/\/dcespacevert-montauban.fr\/\"},{\"@type\":\"ListItem\",\"position\":2,\"name\":\"Mentions l\u00e9gales\"}]},{\"@type\":\"WebSite\",\"@id\":\"https:\/\/dcespacevert-montauban.fr\/#website\",\"url\":\"https:\/\/dcespacevert-montauban.fr\/\",\"name\":\"De Carvalho Espace vert\",\"description\":\"\",\"potentialAction\":[{\"@type\":\"SearchAction\",\"target\":{\"@type\":\"EntryPoint\",\"urlTemplate\":\"https:\/\/dcespacevert-montauban.fr\/?s={search_term_string}\"},\"query-input\":{\"@type\":\"PropertyValueSpecification\",\"valueRequired\":true,\"valueName\":\"search_term_string\"}}],\"inLanguage\":\"fr-FR\"}]}<\/script>\n<!-- \/ Yoast SEO plugin. -->","yoast_head_json":{"title":"Mentions l\u00e9gales - De Carvalho Espace vert","robots":{"index":"index","follow":"follow","max-snippet":"max-snippet:-1","max-image-preview":"max-image-preview:large","max-video-preview":"max-video-preview:-1"},"canonical":"https:\/\/dcespacevert-montauban.fr\/index.php\/mentions-legales\/","og_locale":"fr_FR","og_type":"article","og_title":"Mentions l\u00e9gales - De Carvalho Espace vert","og_description":"\ud83c\udf3f Mentions l\u00e9gales \u00c9diteur du site De Carvalho Espace Vert692 Chemin de Monesti\u00e982100 CastelsarrasinT\u00e9l\u00e9phone : 07 49 75 40 93Email [&hellip;]","og_url":"https:\/\/dcespacevert-montauban.fr\/index.php\/mentions-legales\/","og_site_name":"De Carvalho Espace vert","twitter_card":"summary_large_image","twitter_misc":{"Dur\u00e9e de lecture estim\u00e9e":"1 minute"},"schema":{"@context":"https:\/\/schema.org","@graph":[{"@type":"WebPage","@id":"https:\/\/dcespacevert-montauban.fr\/index.php\/mentions-legales\/","url":"https:\/\/dcespacevert-montauban.fr\/index.php\/mentions-legales\/","name":"Mentions l\u00e9gales - De Carvalho Espace vert","isPartOf":{"@id":"https:\/\/dcespacevert-montauban.fr\/#website"},"datePublished":"2025-07-15T15:01:08+00:00","breadcrumb":{"@id":"https:\/\/dcespacevert-montauban.fr\/index.php\/mentions-legales\/#breadcrumb"},"inLanguage":"fr-FR","potentialAction":[{"@type":"ReadAction","target":["https:\/\/dcespacevert-montauban.fr\/index.php\/mentions-legales\/"]}]},{"@type":"BreadcrumbList","@id":"https:\/\/dcespacevert-montauban.fr\/index.php\/mentions-legales\/#breadcrumb","itemListElement":[{"@type":"ListItem","position":1,"name":"Home","item":"https:\/\/dcespacevert-montauban.fr\/"},{"@type":"ListItem","position":2,"name":"Mentions l\u00e9gales"}]},{"@type":"WebSite","@id":"https:\/\/dcespacevert-montauban.fr\/#website","url":"https:\/\/dcespacevert-montauban.fr\/","name":"De Carvalho Espace vert","description":"","potentialAction":[{"@type":"SearchAction","target":{"@type":"EntryPoint","urlTemplate":"https:\/\/dcespacevert-montauban.fr\/?s={search_term_string}"},"query-input":{"@type":"PropertyValueSpecification","valueRequired":true,"valueName":"search_term_string"}}],"inLanguage":"fr-FR"}]}},"_links":{"self":[{"href":"https:\/\/dcespacevert-montauban.fr\/index.php\/wp-json\/wp\/v2\/pages\/536","targetHints":{"allow":["GET"]}}],"collection":[{"href":"https:\/\/dcespacevert-montauban.fr\/index.php\/wp-json\/wp\/v2\/pages"}],"about":[{"href":"https:\/\/dcespacevert-montauban.fr\/index.php\/wp-json\/wp\/v2\/types\/page"}],"author":[{"embeddable":true,"href":"https:\/\/dcespacevert-montauban.fr\/index.php\/wp-json\/wp\/v2\/users\/1"}],"replies":[{"embeddable":true,"href":"https:\/\/dcespacevert-montauban.fr\/index.php\/wp-json\/wp\/v2\/comments?post=536"}],"version-history":[{"count":1,"href":"https:\/\/dcespacevert-montauban.fr\/index.php\/wp-json\/wp\/v2\/pages\/536\/revisions"}],"predecessor-version":[{"id":537,"href":"https:\/\/dcespacevert-montauban.fr\/index.php\/wp-json\/wp\/v2\/pages\/536\/revisions\/537"}],"wp:attachment":[{"href":"https:\/\/dcespacevert-montauban.fr\/index.php\/wp-json\/wp\/v2\/media?parent=536"}],"curies":[{"name":"wp","href":"https:\/\/api.w.org\/{rel}","templated":true}]}}