{"id":541,"date":"2025-07-15T15:06:09","date_gmt":"2025-07-15T15:06:09","guid":{"rendered":"http:\/\/orvxrkg.cluster100.hosting.ovh.net\/?page_id=541"},"modified":"2025-07-15T15:06:09","modified_gmt":"2025-07-15T15:06:09","slug":"politique-de-cookies","status":"publish","type":"page","link":"https:\/\/dcespacevert-montauban.fr\/index.php\/politique-de-cookies\/","title":{"rendered":"Politique de cookies"},"content":{"rendered":"\n<p>Lors de votre premi\u00e8re visite sur notre site, un bandeau vous informe de l\u2019utilisation de cookies. Vous avez la possibilit\u00e9 d\u2019accepter ou de refuser tout ou partie de ces cookies.<\/p>\n\n\n\n<h4 class=\"wp-block-heading\">Qu\u2019est-ce qu\u2019un cookie\u202f?<\/h4>\n\n\n\n<p>Un cookie est un petit fichier texte d\u00e9pos\u00e9 sur votre appareil lors de votre visite d\u2019un site web. Il permet de stocker des informations sur votre navigation afin de faciliter votre exp\u00e9rience et proposer certains services.<\/p>\n\n\n\n<hr class=\"wp-block-separator has-alpha-channel-opacity\"\/>\n\n\n\n<h4 class=\"wp-block-heading\">Quels types de cookies utilisons-nous\u202f?<\/h4>\n\n\n\n<ul class=\"wp-block-list\">\n<li><strong>Cookies strictement n\u00e9cessaires<\/strong> : indispensables au bon fonctionnement du site (par exemple, m\u00e9moriser vos choix, assurer la s\u00e9curit\u00e9).<\/li>\n\n\n\n<li><strong>Cookies de performance<\/strong> (si utilis\u00e9s) : pour analyser la fr\u00e9quentation et am\u00e9liorer nos services.<\/li>\n\n\n\n<li><strong>Cookies de ciblage ou publicitaires<\/strong> (si utilis\u00e9s) : pour afficher des publicit\u00e9s personnalis\u00e9es ou mesurer l\u2019efficacit\u00e9 des campagnes.<\/li>\n<\/ul>\n\n\n\n<hr class=\"wp-block-separator has-alpha-channel-opacity\"\/>\n\n\n\n<h4 class=\"wp-block-heading\">Comment g\u00e9rer vos cookies\u202f?<\/h4>\n\n\n\n<p>Vous pouvez \u00e0 tout moment configurer votre navigateur pour accepter ou refuser les cookies.<br>Vous pouvez \u00e9galement modifier vos pr\u00e9f\u00e9rences directement via notre bandeau de gestion des cookies.<\/p>\n\n\n\n<p>Pour plus d\u2019informations, vous pouvez consulter le site de la CNIL : <a>https:\/\/www.cnil.fr\/fr\/cookies-les-outils-pour-les-maitriser<\/a><\/p>\n\n\n\n<hr class=\"wp-block-separator has-alpha-channel-opacity\"\/>\n\n\n\n<h4 class=\"wp-block-heading\">Contact<\/h4>\n\n\n\n<p>Pour toute question concernant notre utilisation des cookies, vous pouvez nous contacter \u00e0 l\u2019adresse suivante :<br><a>espacevertdc@gmail.com<\/a><\/p>\n","protected":false},"excerpt":{"rendered":"<p>Lors de votre premi\u00e8re visite sur notre site, un bandeau vous informe de l\u2019utilisation de cookies. Vous avez la possibilit\u00e9 [&hellip;]<\/p>\n","protected":false},"author":1,"featured_media":0,"parent":0,"menu_order":0,"comment_status":"closed","ping_status":"closed","template":"","meta":{"site-sidebar-layout":"default","site-content-layout":"","ast-site-content-layout":"default","site-content-style":"default","site-sidebar-style":"default","ast-global-header-display":"","ast-banner-title-visibility":"","ast-main-header-display":"","ast-hfb-above-header-display":"","ast-hfb-below-header-display":"","ast-hfb-mobile-header-display":"","site-post-title":"","ast-breadcrumbs-content":"","ast-featured-img":"","footer-sml-layout":"","theme-transparent-header-meta":"","adv-header-id-meta":"","stick-header-meta":"","header-above-stick-meta":"","header-main-stick-meta":"","header-below-stick-meta":"","astra-migrate-meta-layouts":"default","ast-page-background-enabled":"default","ast-page-background-meta":{"desktop":{"background-color":"var(--ast-global-color-5)","background-image":"","background-repeat":"repeat","background-position":"center center","background-size":"auto","background-attachment":"scroll","background-type":"","background-media":"","overlay-type":"","overlay-color":"","overlay-opacity":"","overlay-gradient":""},"tablet":{"background-color":"","background-image":"","background-repeat":"repeat","background-position":"center center","background-size":"auto","background-attachment":"scroll","background-type":"","background-media":"","overlay-type":"","overlay-color":"","overlay-opacity":"","overlay-gradient":""},"mobile":{"background-color":"","background-image":"","background-repeat":"repeat","background-position":"center center","background-size":"auto","background-attachment":"scroll","background-type":"","background-media":"","overlay-type":"","overlay-color":"","overlay-opacity":"","overlay-gradient":""}},"ast-content-background-meta":{"desktop":{"background-color":"var(--ast-global-color-4)","background-image":"","background-repeat":"repeat","background-position":"center center","background-size":"auto","background-attachment":"scroll","background-type":"","background-media":"","overlay-type":"","overlay-color":"","overlay-opacity":"","overlay-gradient":""},"tablet":{"background-color":"var(--ast-global-color-4)","background-image":"","background-repeat":"repeat","background-position":"center center","background-size":"auto","background-attachment":"scroll","background-type":"","background-media":"","overlay-type":"","overlay-color":"","overlay-opacity":"","overlay-gradient":""},"mobile":{"background-color":"var(--ast-global-color-4)","background-image":"","background-repeat":"repeat","background-position":"center center","background-size":"auto","background-attachment":"scroll","background-type":"","background-media":"","overlay-type":"","overlay-color":"","overlay-opacity":"","overlay-gradient":""}},"footnotes":""},"class_list":["post-541","page","type-page","status-publish","hentry"],"yoast_head":"<!-- This site is optimized with the Yoast SEO plugin v25.5 - https:\/\/yoast.com\/wordpress\/plugins\/seo\/ -->\n<title>Politique de cookies - De Carvalho Espace vert<\/title>\n<meta name=\"robots\" content=\"index, follow, max-snippet:-1, max-image-preview:large, max-video-preview:-1\" \/>\n<link rel=\"canonical\" href=\"https:\/\/dcespacevert-montauban.fr\/index.php\/politique-de-cookies\/\" \/>\n<meta property=\"og:locale\" content=\"fr_FR\" \/>\n<meta property=\"og:type\" content=\"article\" \/>\n<meta property=\"og:title\" content=\"Politique de cookies - De Carvalho Espace vert\" \/>\n<meta property=\"og:description\" content=\"Lors de votre premi\u00e8re visite sur notre site, un bandeau vous informe de l\u2019utilisation de cookies. Vous avez la possibilit\u00e9 [&hellip;]\" \/>\n<meta property=\"og:url\" content=\"https:\/\/dcespacevert-montauban.fr\/index.php\/politique-de-cookies\/\" \/>\n<meta property=\"og:site_name\" content=\"De Carvalho Espace vert\" \/>\n<meta name=\"twitter:card\" content=\"summary_large_image\" \/>\n<meta name=\"twitter:label1\" content=\"Dur\u00e9e de lecture estim\u00e9e\" \/>\n\t<meta name=\"twitter:data1\" content=\"1 minute\" \/>\n<script type=\"application\/ld+json\" class=\"yoast-schema-graph\">{\"@context\":\"https:\/\/schema.org\",\"@graph\":[{\"@type\":\"WebPage\",\"@id\":\"https:\/\/dcespacevert-montauban.fr\/index.php\/politique-de-cookies\/\",\"url\":\"https:\/\/dcespacevert-montauban.fr\/index.php\/politique-de-cookies\/\",\"name\":\"Politique de cookies - De Carvalho Espace vert\",\"isPartOf\":{\"@id\":\"https:\/\/dcespacevert-montauban.fr\/#website\"},\"datePublished\":\"2025-07-15T15:06:09+00:00\",\"breadcrumb\":{\"@id\":\"https:\/\/dcespacevert-montauban.fr\/index.php\/politique-de-cookies\/#breadcrumb\"},\"inLanguage\":\"fr-FR\",\"potentialAction\":[{\"@type\":\"ReadAction\",\"target\":[\"https:\/\/dcespacevert-montauban.fr\/index.php\/politique-de-cookies\/\"]}]},{\"@type\":\"BreadcrumbList\",\"@id\":\"https:\/\/dcespacevert-montauban.fr\/index.php\/politique-de-cookies\/#breadcrumb\",\"itemListElement\":[{\"@type\":\"ListItem\",\"position\":1,\"name\":\"Home\",\"item\":\"https:\/\/dcespacevert-montauban.fr\/\"},{\"@type\":\"ListItem\",\"position\":2,\"name\":\"Politique de cookies\"}]},{\"@type\":\"WebSite\",\"@id\":\"https:\/\/dcespacevert-montauban.fr\/#website\",\"url\":\"https:\/\/dcespacevert-montauban.fr\/\",\"name\":\"De Carvalho Espace vert\",\"description\":\"\",\"potentialAction\":[{\"@type\":\"SearchAction\",\"target\":{\"@type\":\"EntryPoint\",\"urlTemplate\":\"https:\/\/dcespacevert-montauban.fr\/?s={search_term_string}\"},\"query-input\":{\"@type\":\"PropertyValueSpecification\",\"valueRequired\":true,\"valueName\":\"search_term_string\"}}],\"inLanguage\":\"fr-FR\"}]}<\/script>\n<!-- \/ Yoast SEO plugin. -->","yoast_head_json":{"title":"Politique de cookies - De Carvalho Espace vert","robots":{"index":"index","follow":"follow","max-snippet":"max-snippet:-1","max-image-preview":"max-image-preview:large","max-video-preview":"max-video-preview:-1"},"canonical":"https:\/\/dcespacevert-montauban.fr\/index.php\/politique-de-cookies\/","og_locale":"fr_FR","og_type":"article","og_title":"Politique de cookies - De Carvalho Espace vert","og_description":"Lors de votre premi\u00e8re visite sur notre site, un bandeau vous informe de l\u2019utilisation de cookies. Vous avez la possibilit\u00e9 [&hellip;]","og_url":"https:\/\/dcespacevert-montauban.fr\/index.php\/politique-de-cookies\/","og_site_name":"De Carvalho Espace vert","twitter_card":"summary_large_image","twitter_misc":{"Dur\u00e9e de lecture estim\u00e9e":"1 minute"},"schema":{"@context":"https:\/\/schema.org","@graph":[{"@type":"WebPage","@id":"https:\/\/dcespacevert-montauban.fr\/index.php\/politique-de-cookies\/","url":"https:\/\/dcespacevert-montauban.fr\/index.php\/politique-de-cookies\/","name":"Politique de cookies - De Carvalho Espace vert","isPartOf":{"@id":"https:\/\/dcespacevert-montauban.fr\/#website"},"datePublished":"2025-07-15T15:06:09+00:00","breadcrumb":{"@id":"https:\/\/dcespacevert-montauban.fr\/index.php\/politique-de-cookies\/#breadcrumb"},"inLanguage":"fr-FR","potentialAction":[{"@type":"ReadAction","target":["https:\/\/dcespacevert-montauban.fr\/index.php\/politique-de-cookies\/"]}]},{"@type":"BreadcrumbList","@id":"https:\/\/dcespacevert-montauban.fr\/index.php\/politique-de-cookies\/#breadcrumb","itemListElement":[{"@type":"ListItem","position":1,"name":"Home","item":"https:\/\/dcespacevert-montauban.fr\/"},{"@type":"ListItem","position":2,"name":"Politique de cookies"}]},{"@type":"WebSite","@id":"https:\/\/dcespacevert-montauban.fr\/#website","url":"https:\/\/dcespacevert-montauban.fr\/","name":"De Carvalho Espace vert","description":"","potentialAction":[{"@type":"SearchAction","target":{"@type":"EntryPoint","urlTemplate":"https:\/\/dcespacevert-montauban.fr\/?s={search_term_string}"},"query-input":{"@type":"PropertyValueSpecification","valueRequired":true,"valueName":"search_term_string"}}],"inLanguage":"fr-FR"}]}},"_links":{"self":[{"href":"https:\/\/dcespacevert-montauban.fr\/index.php\/wp-json\/wp\/v2\/pages\/541","targetHints":{"allow":["GET"]}}],"collection":[{"href":"https:\/\/dcespacevert-montauban.fr\/index.php\/wp-json\/wp\/v2\/pages"}],"about":[{"href":"https:\/\/dcespacevert-montauban.fr\/index.php\/wp-json\/wp\/v2\/types\/page"}],"author":[{"embeddable":true,"href":"https:\/\/dcespacevert-montauban.fr\/index.php\/wp-json\/wp\/v2\/users\/1"}],"replies":[{"embeddable":true,"href":"https:\/\/dcespacevert-montauban.fr\/index.php\/wp-json\/wp\/v2\/comments?post=541"}],"version-history":[{"count":1,"href":"https:\/\/dcespacevert-montauban.fr\/index.php\/wp-json\/wp\/v2\/pages\/541\/revisions"}],"predecessor-version":[{"id":542,"href":"https:\/\/dcespacevert-montauban.fr\/index.php\/wp-json\/wp\/v2\/pages\/541\/revisions\/542"}],"wp:attachment":[{"href":"https:\/\/dcespacevert-montauban.fr\/index.php\/wp-json\/wp\/v2\/media?parent=541"}],"curies":[{"name":"wp","href":"https:\/\/api.w.org\/{rel}","templated":true}]}}